{"id":10,"date":"2020-04-25T12:58:36","date_gmt":"2020-04-25T10:58:36","guid":{"rendered":"http:\/\/chartieravocat.fr\/?page_id=10"},"modified":"2024-10-07T19:47:00","modified_gmt":"2024-10-07T17:47:00","slug":"accueil","status":"publish","type":"page","link":"https:\/\/chartieravocat.fr\/","title":{"rendered":"Accueil"},"content":{"rendered":"\t\t<div data-elementor-type=\"wp-page\" data-elementor-id=\"10\" class=\"elementor elementor-10\">\n\t\t\t\t\t\t<div class=\"elementor-inner\">\n\t\t\t\t<div class=\"elementor-section-wrap\">\n\t\t\t\t\t\t\t\t\t<section class=\"elementor-section elementor-top-section elementor-element elementor-element-364fd9b8 elementor-section-boxed elementor-section-height-default elementor-section-height-default\" data-id=\"364fd9b8\" data-element_type=\"section\">\n\t\t\t\t\t\t<div class=\"elementor-container elementor-column-gap-default\">\n\t\t\t\t\t\t\t<div class=\"elementor-row\">\n\t\t\t\t\t<div class=\"elementor-column elementor-col-100 elementor-top-column elementor-element elementor-element-23bf5c3b\" data-id=\"23bf5c3b\" data-element_type=\"column\">\n\t\t\t<div class=\"elementor-column-wrap elementor-element-populated\">\n\t\t\t\t\t\t\t<div class=\"elementor-widget-wrap\">\n\t\t\t\t\t\t<div class=\"elementor-element elementor-element-25d65197 elementor-widget elementor-widget-text-editor\" data-id=\"25d65197\" data-element_type=\"widget\" data-widget_type=\"text-editor.default\">\n\t\t\t\t<div class=\"elementor-widget-container\">\n\t\t\t\t\t\t\t\t<div class=\"elementor-text-editor elementor-clearfix\">\n\t\t\t\t<p>Avocat au Barreau de Limoges, Ma\u00eetre V\u00e9ronique CHARTIER met ses comp\u00e9tences au service de ses clients personnes physiques et morales.<br \/><br \/>L&rsquo;approche personnalis\u00e9e mise en \u0153uvre par Me CHARTIER permet d&rsquo;assurer une prestation de conseil \u00e0 valeur ajout\u00e9e et une repr\u00e9sentation en justice de qualit\u00e9 devant les tribunaux.<br \/><br \/>Ma\u00eetre CHARTIER s&rsquo;efforce de cr\u00e9er une relation de confiance et de transparence avec ses clients pour mettre en \u0153uvre la meilleure strat\u00e9gie possible, et lors de litiges, d\u00e9fendre leurs int\u00e9r\u00eats avec t\u00e9nacit\u00e9 et efficacit\u00e9.<\/p>\t\t\t\t\t<\/div>\n\t\t\t\t\t\t<\/div>\n\t\t\t\t<\/div>\n\t\t\t\t\t\t<\/div>\n\t\t\t\t\t<\/div>\n\t\t<\/div>\n\t\t\t\t\t\t\t\t<\/div>\n\t\t\t\t\t<\/div>\n\t\t<\/section>\n\t\t\t\t<section class=\"elementor-section elementor-top-section elementor-element elementor-element-500b7bee elementor-section-content-middle elementor-section-boxed elementor-section-height-default elementor-section-height-default\" data-id=\"500b7bee\" data-element_type=\"section\">\n\t\t\t\t\t\t<div class=\"elementor-container elementor-column-gap-no\">\n\t\t\t\t\t\t\t<div class=\"elementor-row\">\n\t\t\t\t\t<div class=\"elementor-column elementor-col-100 elementor-top-column elementor-element elementor-element-63516a5f\" data-id=\"63516a5f\" data-element_type=\"column\">\n\t\t\t<div class=\"elementor-column-wrap elementor-element-populated\">\n\t\t\t\t\t\t\t<div class=\"elementor-widget-wrap\">\n\t\t\t\t\t\t<div class=\"elementor-element elementor-element-117bd6b8 elementor-widget elementor-widget-heading\" data-id=\"117bd6b8\" data-element_type=\"widget\" data-widget_type=\"heading.default\">\n\t\t\t\t<div class=\"elementor-widget-container\">\n\t\t\t<h4 class=\"elementor-heading-title elementor-size-default\">EXPERTISES<\/h4>\t\t<\/div>\n\t\t\t\t<\/div>\n\t\t\t\t<div class=\"elementor-element elementor-element-5b3227d3 elementor-widget elementor-widget-text-editor\" data-id=\"5b3227d3\" data-element_type=\"widget\" data-widget_type=\"text-editor.default\">\n\t\t\t\t<div class=\"elementor-widget-container\">\n\t\t\t\t\t\t\t\t<div class=\"elementor-text-editor elementor-clearfix\">\n\t\t\t\t<p>I am text block. Click edit button to change this text. Lorem ipsum dolor sit amet, consectetur adipiscing elit. Ut elit tellus, luctus nec ullamcorper mattis, pulvinar dapibus leo.<\/p>\t\t\t\t\t<\/div>\n\t\t\t\t\t\t<\/div>\n\t\t\t\t<\/div>\n\t\t\t\t<section class=\"elementor-section elementor-inner-section elementor-element elementor-element-3d300d61 elementor-section-content-middle elementor-section-boxed elementor-section-height-default elementor-section-height-default\" data-id=\"3d300d61\" data-element_type=\"section\">\n\t\t\t\t\t\t<div class=\"elementor-container elementor-column-gap-no\">\n\t\t\t\t\t\t\t<div class=\"elementor-row\">\n\t\t\t\t\t<div class=\"elementor-column elementor-col-33 elementor-inner-column elementor-element elementor-element-5a11a854\" data-id=\"5a11a854\" data-element_type=\"column\">\n\t\t\t<div class=\"elementor-column-wrap elementor-element-populated\">\n\t\t\t\t\t\t\t<div class=\"elementor-widget-wrap\">\n\t\t\t\t\t\t<div class=\"elementor-element elementor-element-4c86d036 elementor-widget elementor-widget-heading\" data-id=\"4c86d036\" data-element_type=\"widget\" data-widget_type=\"heading.default\">\n\t\t\t\t<div class=\"elementor-widget-container\">\n\t\t\t<h3 class=\"elementor-heading-title elementor-size-default\">COPROPRIETE<\/h3>\t\t<\/div>\n\t\t\t\t<\/div>\n\t\t\t\t\t\t<\/div>\n\t\t\t\t\t<\/div>\n\t\t<\/div>\n\t\t\t\t<div class=\"elementor-column elementor-col-33 elementor-inner-column elementor-element elementor-element-72020e39\" data-id=\"72020e39\" data-element_type=\"column\">\n\t\t\t<div class=\"elementor-column-wrap elementor-element-populated\">\n\t\t\t\t\t\t\t<div class=\"elementor-widget-wrap\">\n\t\t\t\t\t\t<div class=\"elementor-element elementor-element-2ce48ccc elementor-widget elementor-widget-heading\" data-id=\"2ce48ccc\" data-element_type=\"widget\" data-widget_type=\"heading.default\">\n\t\t\t\t<div class=\"elementor-widget-container\">\n\t\t\t<h3 class=\"elementor-heading-title elementor-size-default\">BAUX<\/h3>\t\t<\/div>\n\t\t\t\t<\/div>\n\t\t\t\t\t\t<\/div>\n\t\t\t\t\t<\/div>\n\t\t<\/div>\n\t\t\t\t<div class=\"elementor-column elementor-col-33 elementor-inner-column elementor-element elementor-element-2321c6a\" data-id=\"2321c6a\" data-element_type=\"column\">\n\t\t\t<div class=\"elementor-column-wrap elementor-element-populated\">\n\t\t\t\t\t\t\t<div class=\"elementor-widget-wrap\">\n\t\t\t\t\t\t<div class=\"elementor-element elementor-element-6c3d8b3b elementor-widget elementor-widget-heading\" data-id=\"6c3d8b3b\" data-element_type=\"widget\" data-widget_type=\"heading.default\">\n\t\t\t\t<div class=\"elementor-widget-container\">\n\t\t\t<h3 class=\"elementor-heading-title elementor-size-default\">CONSTRUCTION<\/h3>\t\t<\/div>\n\t\t\t\t<\/div>\n\t\t\t\t\t\t<\/div>\n\t\t\t\t\t<\/div>\n\t\t<\/div>\n\t\t\t\t\t\t\t\t<\/div>\n\t\t\t\t\t<\/div>\n\t\t<\/section>\n\t\t\t\t\t\t<\/div>\n\t\t\t\t\t<\/div>\n\t\t<\/div>\n\t\t\t\t\t\t\t\t<\/div>\n\t\t\t\t\t<\/div>\n\t\t<\/section>\n\t\t\t\t<section class=\"elementor-section elementor-top-section elementor-element elementor-element-f76ded0 elementor-section-boxed elementor-section-height-default elementor-section-height-default\" data-id=\"f76ded0\" data-element_type=\"section\">\n\t\t\t\t\t\t<div class=\"elementor-container elementor-column-gap-default\">\n\t\t\t\t\t\t\t<div class=\"elementor-row\">\n\t\t\t\t\t<div class=\"elementor-column elementor-col-100 elementor-top-column elementor-element elementor-element-525e41b\" data-id=\"525e41b\" data-element_type=\"column\">\n\t\t\t<div class=\"elementor-column-wrap elementor-element-populated\">\n\t\t\t\t\t\t\t<div class=\"elementor-widget-wrap\">\n\t\t\t\t\t\t<div class=\"elementor-element elementor-element-e40e91b elementor-widget elementor-widget-text-editor\" data-id=\"e40e91b\" data-element_type=\"widget\" data-widget_type=\"text-editor.default\">\n\t\t\t\t<div class=\"elementor-widget-container\">\n\t\t\t\t\t\t\t\t<div class=\"elementor-text-editor elementor-clearfix\">\n\t\t\t\t<h1 style=\"text-align: center;\"><b>Me V\u00e9ronique CHARTIER<\/b><\/h1><p style=\"text-align: center;\"><span style=\"font-family: var( --e-global-typography-text-font-family ), Sans-serif; font-weight: var( --e-global-typography-text-font-weight ); text-align: left;\"><i>23, Bd GAMBETTA<\/i><\/span><\/p><p style=\"text-align: center;\"><a style=\"font-weight: var( --e-global-typography-text-font-weight ); text-align: left; color: var(--jkqx2); -webkit-tap-highlight-color: rgba(0, 0, 0, 0.1); outline: 0px; font-family: 'Helvetica Neue', Arial, sans-serif; background-color: #ffffff;\" href=\"https:\/\/www.google.fr\/search?q=avocate+v%C3%A9ronique+chartier&amp;btnK=Recherche+Google&amp;source=hp&amp;ei=5BKsY-yeNZOmkdUPpOCs-AE&amp;iflsig=AJiK0e8AAAAAY6wg9HPYTstVe7hn5haea8NW428rp1yX&amp;ved=0ahUKEwjsoLOahpz8AhUTU6QEHSQwCx8Q4dUDCAg&amp;uact=5&amp;oq=ikea&amp;gs_lcp=Cgdnd3Mtd2l6EAMyEQguEIAEELEDEIMBEMcBENEDMhEILhCABBCxAxCDARDHARCvATIRCC4QgwEQrwEQxwEQsQMQgAQyBQgAEIAEMg4ILhCxAxCDARDHARCvATIRCC4QgAQQsQMQgwEQxwEQrwEyDgguELEDEIMBEMcBEK8BMggIABCABBCxAzIOCC4QsQMQgwEQxwEQrwEyDgguELEDEIMBEMcBEK8BOgsIABCABBCxAxCDAToOCC4QgAQQsQMQxwEQ0QM6CwguEIAEELEDEIMBUABYzARg4AVoAHAAeACAAfQCiAHSBpIBBzEuMS4xLjGYAQCgAQE&amp;sclient=gws-wiz#\" data-dtype=\"d3ph\" data-local-attribute=\"d3ph\" data-ved=\"2ahUKEwiulI7-4_yIAxUKRKQEHVOgMgYQkAgoAHoECCEQAg\"><span aria-label=\"Appeler le 05 55 34 19 71\">05 55 34 19 71<\/span><\/a><\/p>\t\t\t\t\t<\/div>\n\t\t\t\t\t\t<\/div>\n\t\t\t\t<\/div>\n\t\t\t\t\t\t<\/div>\n\t\t\t\t\t<\/div>\n\t\t<\/div>\n\t\t\t\t\t\t\t\t<\/div>\n\t\t\t\t\t<\/div>\n\t\t<\/section>\n\t\t\t\t<section class=\"elementor-section elementor-top-section elementor-element elementor-element-9174590 elementor-section-boxed elementor-section-height-default elementor-section-height-default\" data-id=\"9174590\" data-element_type=\"section\">\n\t\t\t\t\t\t<div class=\"elementor-container elementor-column-gap-default\">\n\t\t\t\t\t\t\t<div class=\"elementor-row\">\n\t\t\t\t\t<div class=\"elementor-column elementor-col-100 elementor-top-column elementor-element elementor-element-3f82946\" data-id=\"3f82946\" data-element_type=\"column\">\n\t\t\t<div class=\"elementor-column-wrap elementor-element-populated\">\n\t\t\t\t\t\t\t<div class=\"elementor-widget-wrap\">\n\t\t\t\t\t\t<div class=\"elementor-element elementor-element-8505c61 elementor-widget elementor-widget-google_maps\" data-id=\"8505c61\" data-element_type=\"widget\" data-widget_type=\"google_maps.default\">\n\t\t\t\t<div class=\"elementor-widget-container\">\n\t\t\t\t\t<div class=\"elementor-custom-embed\">\n\t\t\t<iframe frameborder=\"0\" scrolling=\"no\" marginheight=\"0\" marginwidth=\"0\"\n\t\t\t\t\tsrc=\"https:\/\/maps.google.com\/maps?q=23%20boulevard%20Gambetta%2087000%20LIMOGES&#038;t=m&#038;z=10&#038;output=embed&#038;iwloc=near\"\n\t\t\t\t\ttitle=\"23 boulevard Gambetta 87000 LIMOGES\"\n\t\t\t\t\taria-label=\"23 boulevard Gambetta 87000 LIMOGES\"\n\t\t\t><\/iframe>\n\t\t<\/div>\n\t\t\t\t<\/div>\n\t\t\t\t<\/div>\n\t\t\t\t\t\t<\/div>\n\t\t\t\t\t<\/div>\n\t\t<\/div>\n\t\t\t\t\t\t\t\t<\/div>\n\t\t\t\t\t<\/div>\n\t\t<\/section>\n\t\t\t\t\t\t\t\t\t<\/div>\n\t\t\t<\/div>\n\t\t\t\t\t<\/div>\n\t\t","protected":false},"excerpt":{"rendered":"<p>Avocat au Barreau de Limoges, Ma\u00eetre V\u00e9ronique CHARTIER met ses comp\u00e9tences au service de ses clients personnes physiques et morales. L&rsquo;approche personnalis\u00e9e mise en \u0153uvre par Me CHARTIER permet d&rsquo;assurer une prestation de conseil \u00e0 valeur ajout\u00e9e et une repr\u00e9sentation en justice de qualit\u00e9 devant les tribunaux. Ma\u00eetre CHARTIER s&rsquo;efforce de cr\u00e9er une relation de [&hellip;]<\/p>\n","protected":false},"author":1,"featured_media":0,"parent":0,"menu_order":0,"comment_status":"closed","ping_status":"closed","template":"","meta":[],"_links":{"self":[{"href":"https:\/\/chartieravocat.fr\/index.php\/wp-json\/wp\/v2\/pages\/10"}],"collection":[{"href":"https:\/\/chartieravocat.fr\/index.php\/wp-json\/wp\/v2\/pages"}],"about":[{"href":"https:\/\/chartieravocat.fr\/index.php\/wp-json\/wp\/v2\/types\/page"}],"author":[{"embeddable":true,"href":"https:\/\/chartieravocat.fr\/index.php\/wp-json\/wp\/v2\/users\/1"}],"replies":[{"embeddable":true,"href":"https:\/\/chartieravocat.fr\/index.php\/wp-json\/wp\/v2\/comments?post=10"}],"version-history":[{"count":25,"href":"https:\/\/chartieravocat.fr\/index.php\/wp-json\/wp\/v2\/pages\/10\/revisions"}],"predecessor-version":[{"id":400,"href":"https:\/\/chartieravocat.fr\/index.php\/wp-json\/wp\/v2\/pages\/10\/revisions\/400"}],"wp:attachment":[{"href":"https:\/\/chartieravocat.fr\/index.php\/wp-json\/wp\/v2\/media?parent=10"}],"curies":[{"name":"wp","href":"https:\/\/api.w.org\/{rel}","templated":true}]}}